{"id":3849,"date":"2020-10-01T11:19:50","date_gmt":"2020-10-01T09:19:50","guid":{"rendered":"https:\/\/iob-ev.com\/?page_id=3849"},"modified":"2023-06-16T12:55:08","modified_gmt":"2023-06-16T10:55:08","slug":"internationaler-schwimmteich-kongress-2021","status":"publish","type":"page","link":"https:\/\/kongress.iob-ev.com\/es\/","title":{"rendered":"CONFERENCIA INTERNACIONAL 2021"},"content":{"rendered":"<div id=\"pl-3849\"  class=\"panel-layout\" ><div id=\"pg-3849-0\"  class=\"panel-grid panel-has-style\" ><div style=\"padding: 1px 0; \" data-overlay=\"true\" data-overlay-color=\"#000000\" class=\"panel-row-style panel-row-style-for-3849-0\" ><div id=\"pgc-3849-0-0\"  class=\"panel-grid-cell\" ><div id=\"panel-3849-0-0-0\" class=\"so-panel widget widget_sow-editor panel-first-child panel-last-child\" data-index=\"0\" ><div style=\"text-align: left;\" data-title-color=\"#443f3f\" data-headings-color=\"#443f3f\" class=\"panel-widget-style panel-widget-style-for-3849-0-0-0\" ><div\n\t\t\t\n\t\t\tclass=\"so-widget-sow-editor so-widget-sow-editor-base\"\n\t\t\t\n\t\t>\n<div class=\"siteorigin-widget-tinymce textwidget\">\n\t<h3><\/h3>\n<h3>\u00danete a los expertos en este 11ro Congreso de la IOB, reunidos entorno al lema \u201cSoluciones basadas en la naturaleza\u201d. <\/h3>\n<\/div>\n<\/div><\/div><\/div><\/div><\/div><\/div><div id=\"pg-3849-1\"  class=\"panel-grid panel-has-style\" ><div style=\"padding: 1px 0; \" data-overlay=\"true\" data-overlay-color=\"#000000\" class=\"panel-row-style panel-row-style-for-3849-1\" ><div id=\"pgc-3849-1-0\"  class=\"panel-grid-cell\" ><div id=\"panel-3849-1-0-0\" class=\"so-panel widget widget_sydney_action sydney_action_widget panel-first-child panel-last-child\" data-index=\"1\" ><div style=\"text-align: left;\" id=\"12\" data-title-color=\"#443f3f\" data-headings-color=\"#443f3f\" class=\"panel-widget-style panel-widget-style-for-3849-1-0-0\" >        <div class=\"roll-promobox \">\r\n\t\t\t<div class=\"promo-wrap\">\r\n\t\t\t\t\t\t\t\t<div class=\"promo-controls\">\r\n\t\t\t\t\t<a href=\"https:\/\/kongress.iob-ev.com\/programm-11ter-iob-kongress\/\" class=\"roll-button border\">Descarga el Programa y Ponencias<\/a>\r\n\t\t\t\t<\/div>\r\n\t\t\t<\/div>\r\n        <\/div>\r\n\t<\/div><\/div><\/div><\/div><\/div><div id=\"pg-3849-2\"  class=\"panel-grid panel-has-style\" ><div style=\"padding: 10px 0; \" data-overlay=\"true\" data-overlay-color=\"#000000\" class=\"panel-row-style panel-row-style-for-3849-2\" ><div id=\"pgc-3849-2-0\"  class=\"panel-grid-cell\" ><div id=\"panel-3849-2-0-0\" class=\"so-panel widget widget_sow-editor panel-first-child\" data-index=\"2\" ><div style=\"text-align: left;\" data-title-color=\"#443f3f\" data-headings-color=\"#443f3f\" class=\"panel-widget-style panel-widget-style-for-3849-2-0-0\" ><div\n\t\t\t\n\t\t\tclass=\"so-widget-sow-editor so-widget-sow-editor-base\"\n\t\t\t\n\t\t>\n<div class=\"siteorigin-widget-tinymce textwidget\">\n\t<h3>Albufeira, 6 y 7 de Octubre, 2021<\/h3>\n<p><a href=\"https:\/\/kongress.iob-ev.com\/programm-11ter-iob-kongress\/\">Haz click aqu\u00ed para ver el Programa y Ponencias<\/a><\/p>\n<p>Desde 1999, el Congreso Internacional Bienal de Estanques de Nado ha sido una fuente de inspiraci\u00f3n para nuevas ideas e innovaci\u00f3n, as\u00ed como un centro para el intercambio interdisciplinario de empresas especializadas y fabricantes que planifican, construyen, suministran, operan y eval\u00faan las aguas de ba\u00f1o naturales.<br \/>\nEl c\u00famulo de esta basta experiencia se transmite en cada Congreso a los participantes a trav\u00e9s de las ponencias de destacados oradores.<br \/>\nEl XI Congreso Internacional de Estanques de Nado tendr\u00e1 lugar los d\u00edas 6 y 7 de octubre de 2021 en Albufeira, Algarve, Portugal. En esta 11ra edici\u00f3n continuamos con el exitoso concepto de nuestro \u00faltimo encuentro en Varsovia, 2019.<br \/>\nEl lugar es el Club Med Da Balaia, en las playas de la costa atl\u00e1ntica portuguesa. Un moderno y lujoso complejo vacacional con una excelente calificaci\u00f3n entre viajeros. Todos los espacios y eventos del Congreso se realizar\u00e1n en las instalaciones del Club Med: conferencias, talleres, feria de exposiciones y cena de gala.<br \/>\nY finalmente, por primera vez en la historia del Congreso Internacional, el hotel dispone de un gran estanque para nadar. \u00a1No solo conversaremos sobre aguas naturalizadas, nos sumergiremos en ellas!<\/p>\n<\/div>\n<\/div><\/div><\/div><div id=\"panel-3849-2-0-1\" class=\"so-panel widget widget_sydney_action sydney_action_widget\" data-index=\"3\" ><div style=\"text-align: left;\" id=\"12\" data-title-color=\"#443f3f\" data-headings-color=\"#443f3f\" class=\"panel-widget-style panel-widget-style-for-3849-2-0-1\" >        <div class=\"roll-promobox \">\r\n\t\t\t<div class=\"promo-wrap\">\r\n\t\t\t\t\t\t\t\t<div class=\"promo-controls\">\r\n\t\t\t\t\t<a href=\"https:\/\/kongress.iob-ev.com\/tickets\/\" class=\"roll-button border\">TICKETS<\/a>\r\n\t\t\t\t<\/div>\r\n\t\t\t<\/div>\r\n        <\/div>\r\n\t<\/div><\/div><div id=\"panel-3849-2-0-2\" class=\"so-panel widget widget_sow-editor\" data-index=\"4\" ><div style=\"text-align: left;\" data-title-color=\"#443f3f\" data-headings-color=\"#443f3f\" class=\"panel-widget-style panel-widget-style-for-3849-2-0-2\" ><div\n\t\t\t\n\t\t\tclass=\"so-widget-sow-editor so-widget-sow-editor-base\"\n\t\t\t\n\t\t>\n<div class=\"siteorigin-widget-tinymce textwidget\">\n\t<\/div>\n<\/div><\/div><\/div><div id=\"panel-3849-2-0-3\" class=\"so-panel widget widget_sow-editor panel-last-child\" data-index=\"5\" ><div style=\"text-align: left;\" data-title-color=\"#443f3f\" data-headings-color=\"#443f3f\" class=\"panel-widget-style panel-widget-style-for-3849-2-0-3\" ><div\n\t\t\t\n\t\t\tclass=\"so-widget-sow-editor so-widget-sow-editor-base\"\n\t\t\t\n\t\t><h3 class=\"widget-title\">Pondy Award<\/h3>\n<div class=\"siteorigin-widget-tinymce textwidget\">\n\t<p>Como patrocinador del Congreso Internacional de Estanques de Nataci\u00f3n y organizaci\u00f3n coordinadora de los expertos mundiales en estanques de nado, la Organizaci\u00f3n Internacional para las Aguas de Ba\u00f1o Naturalizadas (IOB) ha lanzado el Premio Pondy.<br \/>\nTodos los congresistas podr\u00e1n votar por los ganadores del Premio Pondy Internacional durante el congreso, que ser\u00e1 realizado nuevamente por la IOB en este Congreso del 2021.<br \/>\n<a href=\"https:\/\/kongress.iob-ev.com\/pondy-award-2021\/\"><strong>Haz click aqu\u00ed para conocer los requisitos de participaci\u00f3n<\/strong><\/a><\/p>\n<p><a href=\"https:\/\/iob-ev.com\/wp-content\/uploads\/2020\/10\/map-albufeira.jpg\"><img loading=\"lazy\" decoding=\"async\" class=\"aligncenter size-full wp-image-3915\" src=\"https:\/\/iob-ev.com\/wp-content\/uploads\/2020\/10\/map-albufeira.jpg\" alt=\"\" width=\"1189\" height=\"794\" \/><\/a><\/p>\n<\/div>\n<\/div><\/div><\/div><\/div><\/div><\/div><div id=\"pg-3849-3\"  class=\"panel-grid panel-has-style\" ><div style=\"padding: 0px 0; \" data-overlay=\"true\" data-overlay-color=\"#000000\" class=\"panel-row-style panel-row-style-for-3849-3\" ><div id=\"pgc-3849-3-0\"  class=\"panel-grid-cell\" ><div id=\"panel-3849-3-0-0\" class=\"so-panel widget widget_sow-editor panel-first-child panel-last-child\" data-index=\"6\" ><div style=\"text-align: left;\" data-title-color=\"#443f3f\" data-headings-color=\"#443f3f\" class=\"panel-widget-style panel-widget-style-for-3849-3-0-0\" ><div\n\t\t\t\n\t\t\tclass=\"so-widget-sow-editor so-widget-sow-editor-base\"\n\t\t\t\n\t\t><h3 class=\"widget-title\">Sponsoring<\/h3>\n<div class=\"siteorigin-widget-tinymce textwidget\">\n\t<p><b><br \/>\n<b>Como patrocinador, aprovecha las sinergias durante el XI Congreso Internacional de Estanques de Nado 2021 en Portugal!<\/b><\/p>\n<p>Contamos con que durante el Congreso tendremos cada d\u00eda unos 150 visitantes de todo el mundo.<\/p>\n<p>Adem\u00e1s, cada patrocinador podr\u00e1 publicar su logo en la p\u00e1gina oficial del Congreso de la IOB.<\/p>\n<p>M\u00e1s informaci\u00f3n disponible aqu\u00ed<a href=\"https:\/\/kongress.iob-ev.com\/sponsoring\/\">click <\/a><\/p>\n<p>&nbsp;<\/p>\n<h3 style=\"text-align: center;\">Gracias a nuestros patrocinadores:<\/h3>\n<p style=\"text-align: center;\">Vis\u00edtalos al hacer click en cada imagen<\/p>\n<\/div>\n<\/div><\/div><\/div><\/div><\/div><\/div><div id=\"pg-3849-4\"  class=\"panel-grid panel-has-style\" ><div style=\"padding: 0px 0; \" data-overlay=\"true\" data-overlay-color=\"#000000\" class=\"panel-row-style panel-row-style-for-3849-4\" ><div id=\"pgc-3849-4-0\"  class=\"panel-grid-cell panel-grid-cell-empty\" ><\/div><div id=\"pgc-3849-4-1\"  class=\"panel-grid-cell\" ><div id=\"panel-3849-4-1-0\" class=\"so-panel widget widget_sow-image panel-first-child panel-last-child\" data-index=\"7\" ><div style=\"text-align: left;\" data-title-color=\"#443f3f\" data-headings-color=\"#443f3f\" class=\"panel-widget-style panel-widget-style-for-3849-4-1-0\" ><div\n\t\t\t\n\t\t\tclass=\"so-widget-sow-image so-widget-sow-image-default-113ccd71f3e6-3849\"\n\t\t\t\n\t\t>\n<div class=\"sow-image-container\">\n\t\t\t<a href=\"https:\/\/kongress.iob-ev.com\/es\/2019\/05\/31\/oase-gold-sponsor\/\"\n\t\t\t\t\t>\n\t\t\t<img \n\tsrc=\"https:\/\/kongress.iob-ev.com\/wp-content\/uploads\/2021\/03\/oase-300-300x300.jpg\" width=\"300\" height=\"300\" srcset=\"https:\/\/kongress.iob-ev.com\/wp-content\/uploads\/2021\/03\/oase-300.jpg 300w, https:\/\/kongress.iob-ev.com\/wp-content\/uploads\/2021\/03\/oase-300-100x100.jpg 100w, https:\/\/kongress.iob-ev.com\/wp-content\/uploads\/2021\/03\/oase-300-150x150.jpg 150w, https:\/\/kongress.iob-ev.com\/wp-content\/uploads\/2021\/03\/oase-300-230x230.jpg 230w\" sizes=\"(max-width: 300px) 100vw, 300px\" title=\"Gold\" alt=\"\" \t\tclass=\"so-widget-image\"\/>\n\t\t\t<\/a><\/div>\n\n<h3 class=\"widget-title\">Gold<\/h3><\/div><\/div><\/div><\/div><div id=\"pgc-3849-4-2\"  class=\"panel-grid-cell\" ><div id=\"panel-3849-4-2-0\" class=\"so-panel widget widget_sow-image panel-first-child panel-last-child\" data-index=\"8\" ><div style=\"text-align: left;\" data-title-color=\"#443f3f\" data-headings-color=\"#443f3f\" class=\"panel-widget-style panel-widget-style-for-3849-4-2-0\" ><div\n\t\t\t\n\t\t\tclass=\"so-widget-sow-image so-widget-sow-image-default-fcdcd8a14e55-3849\"\n\t\t\t\n\t\t>\n<div class=\"sow-image-container\">\n\t\t\t<a href=\"https:\/\/kongress.iob-ev.com\/es\/2018\/12\/14\/1350\/\"\n\t\t\t\t\t>\n\t\t\t<img \n\tsrc=\"https:\/\/kongress.iob-ev.com\/wp-content\/uploads\/2021\/08\/Polyplan-Kreikenbaum-Gruppe-Logo-klein-300x300.png\" width=\"300\" height=\"300\" srcset=\"https:\/\/kongress.iob-ev.com\/wp-content\/uploads\/2021\/08\/Polyplan-Kreikenbaum-Gruppe-Logo-klein.png 300w, https:\/\/kongress.iob-ev.com\/wp-content\/uploads\/2021\/08\/Polyplan-Kreikenbaum-Gruppe-Logo-klein-100x100.png 100w, https:\/\/kongress.iob-ev.com\/wp-content\/uploads\/2021\/08\/Polyplan-Kreikenbaum-Gruppe-Logo-klein-150x150.png 150w, https:\/\/kongress.iob-ev.com\/wp-content\/uploads\/2021\/08\/Polyplan-Kreikenbaum-Gruppe-Logo-klein-230x230.png 230w\" sizes=\"(max-width: 300px) 100vw, 300px\" title=\"Gold\" alt=\"Polyplan-Kreikenbaum Gruppe Logo klein\" \t\tclass=\"so-widget-image\"\/>\n\t\t\t<\/a><\/div>\n\n<h3 class=\"widget-title\">Gold<\/h3><\/div><\/div><\/div><\/div><div id=\"pgc-3849-4-3\"  class=\"panel-grid-cell\" ><div id=\"panel-3849-4-3-0\" class=\"so-panel widget widget_sow-image panel-first-child panel-last-child\" data-index=\"9\" ><div style=\"text-align: left;\" data-title-color=\"#443f3f\" data-headings-color=\"#443f3f\" class=\"panel-widget-style panel-widget-style-for-3849-4-3-0\" ><div\n\t\t\t\n\t\t\tclass=\"so-widget-sow-image so-widget-sow-image-default-113ccd71f3e6-3849\"\n\t\t\t\n\t\t>\n<div class=\"sow-image-container\">\n\t\t\t<a href=\"https:\/\/kongress.iob-ev.com\/es\/2021\/03\/14\/roessle-new-sponsor\/\"\n\t\t\t\t\t>\n\t\t\t<img \n\tsrc=\"https:\/\/kongress.iob-ev.com\/wp-content\/uploads\/2021\/05\/logo-sponsor-roessle-300x300.png\" width=\"300\" height=\"300\" srcset=\"https:\/\/kongress.iob-ev.com\/wp-content\/uploads\/2021\/05\/logo-sponsor-roessle.png 300w, https:\/\/kongress.iob-ev.com\/wp-content\/uploads\/2021\/05\/logo-sponsor-roessle-100x100.png 100w, https:\/\/kongress.iob-ev.com\/wp-content\/uploads\/2021\/05\/logo-sponsor-roessle-150x150.png 150w, https:\/\/kongress.iob-ev.com\/wp-content\/uploads\/2021\/05\/logo-sponsor-roessle-230x230.png 230w\" sizes=\"(max-width: 300px) 100vw, 300px\" title=\"Gold\" alt=\"\" \t\tclass=\"so-widget-image\"\/>\n\t\t\t<\/a><\/div>\n\n<h3 class=\"widget-title\">Gold<\/h3><\/div><\/div><\/div><\/div><div id=\"pgc-3849-4-4\"  class=\"panel-grid-cell\" ><div id=\"panel-3849-4-4-0\" class=\"so-panel widget widget_sow-image panel-first-child panel-last-child\" data-index=\"10\" ><div style=\"text-align: left;\" data-title-color=\"#443f3f\" data-headings-color=\"#443f3f\" class=\"panel-widget-style panel-widget-style-for-3849-4-4-0\" ><div\n\t\t\t\n\t\t\tclass=\"so-widget-sow-image so-widget-sow-image-default-113ccd71f3e6-3849\"\n\t\t\t\n\t\t>\n<div class=\"sow-image-container\">\n\t\t\t<a href=\"https:\/\/kongress.iob-ev.com\/es\/2021\/05\/11\/tosstec-new-gold-sponsor\/\"\n\t\t\t\t\t>\n\t\t\t<img \n\tsrc=\"https:\/\/kongress.iob-ev.com\/wp-content\/uploads\/2021\/05\/tosstec-logo-300x300.jpg\" width=\"300\" height=\"300\" srcset=\"https:\/\/kongress.iob-ev.com\/wp-content\/uploads\/2021\/05\/tosstec-logo-300x300.jpg 300w, https:\/\/kongress.iob-ev.com\/wp-content\/uploads\/2021\/05\/tosstec-logo-100x100.jpg 100w, https:\/\/kongress.iob-ev.com\/wp-content\/uploads\/2021\/05\/tosstec-logo-150x150.jpg 150w, https:\/\/kongress.iob-ev.com\/wp-content\/uploads\/2021\/05\/tosstec-logo-230x230.jpg 230w, https:\/\/kongress.iob-ev.com\/wp-content\/uploads\/2021\/05\/tosstec-logo-350x350.jpg 350w, https:\/\/kongress.iob-ev.com\/wp-content\/uploads\/2021\/05\/tosstec-logo.jpg 360w\" sizes=\"(max-width: 300px) 100vw, 300px\" title=\"Gold\" alt=\"\" \t\tclass=\"so-widget-image\"\/>\n\t\t\t<\/a><\/div>\n\n<h3 class=\"widget-title\">Gold<\/h3><\/div><\/div><\/div><\/div><div id=\"pgc-3849-4-5\"  class=\"panel-grid-cell\" ><div id=\"panel-3849-4-5-0\" class=\"so-panel widget widget_sow-image panel-first-child panel-last-child\" data-index=\"11\" ><div style=\"text-align: left;\" data-title-color=\"#443f3f\" data-headings-color=\"#443f3f\" class=\"panel-widget-style panel-widget-style-for-3849-4-5-0\" ><div\n\t\t\t\n\t\t\tclass=\"so-widget-sow-image so-widget-sow-image-default-113ccd71f3e6-3849\"\n\t\t\t\n\t\t>\n<div class=\"sow-image-container\">\n\t\t\t<a href=\"https:\/\/kongress.iob-ev.com\/es\/2021\/06\/09\/phospat\/\"\n\t\t\t\t\t>\n\t\t\t<img \n\tsrc=\"https:\/\/kongress.iob-ev.com\/wp-content\/uploads\/2021\/06\/logo-phospat-300-300x300.png\" width=\"300\" height=\"300\" srcset=\"https:\/\/kongress.iob-ev.com\/wp-content\/uploads\/2021\/06\/logo-phospat-300.png 300w, https:\/\/kongress.iob-ev.com\/wp-content\/uploads\/2021\/06\/logo-phospat-300-100x100.png 100w, https:\/\/kongress.iob-ev.com\/wp-content\/uploads\/2021\/06\/logo-phospat-300-150x150.png 150w, https:\/\/kongress.iob-ev.com\/wp-content\/uploads\/2021\/06\/logo-phospat-300-230x230.png 230w\" sizes=\"(max-width: 300px) 100vw, 300px\" title=\"Gold\" alt=\"\" \t\tclass=\"so-widget-image\"\/>\n\t\t\t<\/a><\/div>\n\n<h3 class=\"widget-title\">Gold<\/h3><\/div><\/div><\/div><\/div><div id=\"pgc-3849-4-6\"  class=\"panel-grid-cell panel-grid-cell-mobile-last\" ><div id=\"panel-3849-4-6-0\" class=\"so-panel widget widget_sow-image panel-first-child panel-last-child\" data-index=\"12\" ><div style=\"text-align: left;\" data-title-color=\"#443f3f\" data-headings-color=\"#443f3f\" class=\"panel-widget-style panel-widget-style-for-3849-4-6-0\" ><div\n\t\t\t\n\t\t\tclass=\"so-widget-sow-image so-widget-sow-image-default-113ccd71f3e6-3849\"\n\t\t\t\n\t\t>\n<div class=\"sow-image-container\">\n\t\t\t<a href=\"https:\/\/kongress.iob-ev.com\/es\/2021\/06\/15\/sibo-fluidra-gold-sponsor\/\"\n\t\t\t\t\t>\n\t\t\t<img \n\tsrc=\"https:\/\/kongress.iob-ev.com\/wp-content\/uploads\/2019\/05\/Sibo_Fluidra-Log-new-e1624005758672-300x300.jpg\" width=\"300\" height=\"300\" srcset=\"https:\/\/kongress.iob-ev.com\/wp-content\/uploads\/2019\/05\/Sibo_Fluidra-Log-new-e1624005758672.jpg 300w, https:\/\/kongress.iob-ev.com\/wp-content\/uploads\/2019\/05\/Sibo_Fluidra-Log-new-e1624005758672-100x100.jpg 100w, https:\/\/kongress.iob-ev.com\/wp-content\/uploads\/2019\/05\/Sibo_Fluidra-Log-new-e1624005758672-150x150.jpg 150w, https:\/\/kongress.iob-ev.com\/wp-content\/uploads\/2019\/05\/Sibo_Fluidra-Log-new-e1624005758672-230x230.jpg 230w\" sizes=\"(max-width: 300px) 100vw, 300px\" title=\"Gold\" alt=\"\" \t\tclass=\"so-widget-image\"\/>\n\t\t\t<\/a><\/div>\n\n<h3 class=\"widget-title\">Gold<\/h3><\/div><\/div><\/div><\/div><div id=\"pgc-3849-4-7\"  class=\"panel-grid-cell panel-grid-cell-empty\" ><\/div><\/div><\/div><div id=\"pg-3849-5\"  class=\"panel-grid panel-has-style\" ><div style=\"padding: 0px 0; \" data-overlay=\"true\" data-overlay-color=\"#000000\" class=\"panel-row-style panel-row-style-for-3849-5\" ><div id=\"pgc-3849-5-0\"  class=\"panel-grid-cell panel-grid-cell-empty\" ><\/div><div id=\"pgc-3849-5-1\"  class=\"panel-grid-cell\" ><div id=\"panel-3849-5-1-0\" class=\"so-panel widget widget_sow-image panel-first-child panel-last-child\" data-index=\"13\" ><div style=\"text-align: center;\" data-title-color=\"#443f3f\" data-headings-color=\"#443f3f\" class=\"panel-widget-style panel-widget-style-for-3849-5-1-0\" ><div\n\t\t\t\n\t\t\tclass=\"so-widget-sow-image so-widget-sow-image-default-113ccd71f3e6-3849\"\n\t\t\t\n\t\t>\n<div class=\"sow-image-container\">\n\t\t\t<a href=\"https:\/\/kongress.iob-ev.com\/es\/2021\/07\/30\/messner-pumpen-premium-sponsor\/\"\n\t\t\t\t\t>\n\t\t\t<img \n\tsrc=\"https:\/\/kongress.iob-ev.com\/wp-content\/uploads\/2019\/07\/messner-logo.jpg\" width=\"238\" height=\"233\" srcset=\"https:\/\/kongress.iob-ev.com\/wp-content\/uploads\/2019\/07\/messner-logo.jpg 238w, https:\/\/kongress.iob-ev.com\/wp-content\/uploads\/2019\/07\/messner-logo-230x225.jpg 230w\" sizes=\"(max-width: 238px) 100vw, 238px\" title=\"Premium\" alt=\"\" \t\tclass=\"so-widget-image\"\/>\n\t\t\t<\/a><\/div>\n\n<h3 class=\"widget-title\">Premium<\/h3><\/div><\/div><\/div><\/div><div id=\"pgc-3849-5-2\"  class=\"panel-grid-cell panel-grid-cell-empty\" ><\/div><div id=\"pgc-3849-5-3\"  class=\"panel-grid-cell panel-grid-cell-mobile-last\" ><div id=\"panel-3849-5-3-0\" class=\"so-panel widget widget_sow-image panel-first-child panel-last-child\" data-index=\"14\" ><div style=\"text-align: left;\" data-title-color=\"#443f3f\" data-headings-color=\"#443f3f\" class=\"panel-widget-style panel-widget-style-for-3849-5-3-0\" ><div\n\t\t\t\n\t\t\tclass=\"so-widget-sow-image so-widget-sow-image-default-113ccd71f3e6-3849\"\n\t\t\t\n\t\t>\n<div class=\"sow-image-container\">\n\t\t\t<a href=\"https:\/\/kongress.iob-ev.com\/es\/2021\/08\/11\/hydrobalance-premium-sponsor\/\"\n\t\t\t\t\t>\n\t\t\t<img \n\tsrc=\"https:\/\/kongress.iob-ev.com\/wp-content\/uploads\/2021\/08\/hydrobalance-logo-300x300.jpg\" width=\"300\" height=\"300\" srcset=\"https:\/\/kongress.iob-ev.com\/wp-content\/uploads\/2021\/08\/hydrobalance-logo.jpg 300w, https:\/\/kongress.iob-ev.com\/wp-content\/uploads\/2021\/08\/hydrobalance-logo-100x100.jpg 100w, https:\/\/kongress.iob-ev.com\/wp-content\/uploads\/2021\/08\/hydrobalance-logo-150x150.jpg 150w, https:\/\/kongress.iob-ev.com\/wp-content\/uploads\/2021\/08\/hydrobalance-logo-230x230.jpg 230w\" sizes=\"(max-width: 300px) 100vw, 300px\" title=\"Premium\" alt=\"Hydrobalance Sponsor IOB Kongress 2021\" \t\tclass=\"so-widget-image\"\/>\n\t\t\t<\/a><\/div>\n\n<h3 class=\"widget-title\">Premium<\/h3><\/div><\/div><\/div><\/div><div id=\"pgc-3849-5-4\"  class=\"panel-grid-cell panel-grid-cell-empty\" ><\/div><\/div><\/div><div id=\"pg-3849-6\"  class=\"panel-grid panel-has-style\" ><div style=\"padding: 100px 0; \" data-overlay=\"true\" data-overlay-color=\"#000000\" class=\"panel-row-style panel-row-style-for-3849-6\" ><div id=\"pgc-3849-6-0\"  class=\"panel-grid-cell\" ><div id=\"panel-3849-6-0-0\" class=\"so-panel widget widget_sow-editor panel-first-child panel-last-child\" data-index=\"15\" ><div style=\"text-align: left;\" data-title-color=\"#443f3f\" data-headings-color=\"#443f3f\" class=\"panel-widget-style panel-widget-style-for-3849-6-0-0\" ><div\n\t\t\t\n\t\t\tclass=\"so-widget-sow-editor so-widget-sow-editor-base\"\n\t\t\t\n\t\t><h3 class=\"widget-title\">Programa<\/h3>\n<div class=\"siteorigin-widget-tinymce textwidget\">\n\t<\/h4>\n<\/div>\n<div class=\"siteorigin-widget-tinymce textwidget\">\n<div class=\"listelement\">\n<h2><a href=\"https:\/\/kongress.iob-ev.com\/programm-sternfahrt\/\">Rallys<\/a><\/h2>\n<p>Rally desde el aeropuerto de Lisboa a Algarve (sur de Portugal), 2 d\u00edas, guiado por Pedro Couto, constructor de estanques de nataci\u00f3n con mucha experiencia en Portugal.<\/p>\n<p>Aqu\u00ed puede encontrar el programa de rally - disponible pr\u00f3ximamente<\/p>\n<p>Los miembros de las asociaciones afiliadas a la IOB pueden leer las conferencias del \u00faltimo Congreso 2019 en Varsovia en la biblioteca en l\u00ednea del sitio web de la IOB (descargar). Puede encontrarlos en el enlace de Publicaciones \u00bbConferencias.<\/p>\n<p><a href=\"https:\/\/kongress.iob-ev.com\/shop\/sternfahrt\/\">Consigue tu entrada para el Rally aqu\u00ed<\/a><\/p>\n<\/div>\n<\/div>\n<\/div>\n<\/div><\/div><\/div><\/div><\/div><\/div><div id=\"pg-3849-7\"  class=\"panel-grid panel-has-style\" ><div style=\"padding: 100px 0; \" data-overlay=\"true\" data-overlay-color=\"#000000\" class=\"panel-row-style panel-row-style-for-3849-7\" ><div id=\"pgc-3849-7-0\"  class=\"panel-grid-cell panel-grid-cell-empty\" ><\/div><\/div><\/div><\/div>","protected":false},"excerpt":{"rendered":"<p>\u00danete a los expertos en este 11ro Congreso de la IOB, reunidos entorno al lema \u201cSoluciones basadas en la naturaleza\u201d.<\/p>\n","protected":false},"author":1,"featured_media":0,"parent":0,"menu_order":0,"comment_status":"closed","ping_status":"closed","template":"page-templates\/page_front-page.php","meta":{"footnotes":""},"class_list":["post-3849","page","type-page","status-publish","hentry"],"_links":{"self":[{"href":"https:\/\/kongress.iob-ev.com\/es\/wp-json\/wp\/v2\/pages\/3849","targetHints":{"allow":["GET"]}}],"collection":[{"href":"https:\/\/kongress.iob-ev.com\/es\/wp-json\/wp\/v2\/pages"}],"about":[{"href":"https:\/\/kongress.iob-ev.com\/es\/wp-json\/wp\/v2\/types\/page"}],"author":[{"embeddable":true,"href":"https:\/\/kongress.iob-ev.com\/es\/wp-json\/wp\/v2\/users\/1"}],"replies":[{"embeddable":true,"href":"https:\/\/kongress.iob-ev.com\/es\/wp-json\/wp\/v2\/comments?post=3849"}],"version-history":[{"count":241,"href":"https:\/\/kongress.iob-ev.com\/es\/wp-json\/wp\/v2\/pages\/3849\/revisions"}],"predecessor-version":[{"id":5220,"href":"https:\/\/kongress.iob-ev.com\/es\/wp-json\/wp\/v2\/pages\/3849\/revisions\/5220"}],"wp:attachment":[{"href":"https:\/\/kongress.iob-ev.com\/es\/wp-json\/wp\/v2\/media?parent=3849"}],"curies":[{"name":"wp","href":"https:\/\/api.w.org\/{rel}","templated":true}]}}