{"id":4404,"date":"2021-02-10T17:08:20","date_gmt":"2021-02-10T16:08:20","guid":{"rendered":"https:\/\/kongress.iob-ev.com\/?page_id=4404"},"modified":"2021-09-14T19:11:34","modified_gmt":"2021-09-14T17:11:34","slug":"tickets","status":"publish","type":"page","link":"https:\/\/kongress.iob-ev.com\/es\/tickets\/","title":{"rendered":"Tickets"},"content":{"rendered":"<div id=\"pl-4404\"  class=\"panel-layout\" ><div id=\"pg-4404-0\"  class=\"panel-grid panel-has-style\" ><div style=\"padding: 0px 0; \" data-overlay=\"true\" data-overlay-color=\"#000000\" class=\"panel-row-style panel-row-style-for-4404-0\" ><div id=\"pgc-4404-0-0\"  class=\"panel-grid-cell\" ><div id=\"panel-4404-0-0-0\" class=\"so-panel widget widget_sow-editor panel-first-child panel-last-child\" data-index=\"0\" ><div style=\"text-align: left;\" data-title-color=\"#443f3f\" data-headings-color=\"#443f3f\" class=\"panel-widget-style panel-widget-style-for-4404-0-0-0\" ><div\n\t\t\t\n\t\t\tclass=\"so-widget-sow-editor so-widget-sow-editor-base\"\n\t\t\t\n\t\t>\n<div class=\"siteorigin-widget-tinymce textwidget\">\n\t<\/p>\n<h5>Please note that participation in the conference is only possible in connection with a hotel booking.<\/h5>\n<h5>The hotel contingent is currently exhausted. We are trying to get more capacity.<br \/>\nPlease send inquiries to <a href=\"mailto:sale@iob-ev.com\">sale@iob-ev.com<\/a><\/h5>\n<p>If you need to check which products are already booked please check your <a href=\"https:\/\/kongress.iob-ev.com\/warenkorb\/\">\"Cart\"<\/a><\/p>\n<p>\n<div class=\"woocommerce columns-3 \"><ul class=\"products columns-3\">\n<li class=\"product type-product post-4288 status-publish first outofstock product_cat-tickets has-post-thumbnail taxable shipping-taxable purchasable product-type-variable\">\n\t<a href=\"https:\/\/kongress.iob-ev.com\/es\/shop\/hotel-club-med-october-05-07\/\" class=\"woocommerce-LoopProduct-link woocommerce-loop-product__link\"><div class=\"yith-placeholder\"><\/div><img loading=\"lazy\" decoding=\"async\" width=\"420\" height=\"315\" src=\"https:\/\/kongress.iob-ev.com\/wp-content\/uploads\/2020\/12\/https___ns.clubmed.com_dream_RESORTS_3T___4T_Europe___Cotes_Mediterraneennes_Da_Balaia_22483-p4lxyxt3u9-swhr-420x315.jpg\" class=\"attachment-woocommerce_thumbnail size-woocommerce_thumbnail\" alt=\"Hotel Club Med October 05-07\" srcset=\"https:\/\/kongress.iob-ev.com\/wp-content\/uploads\/2020\/12\/https___ns.clubmed.com_dream_RESORTS_3T___4T_Europe___Cotes_Mediterraneennes_Da_Balaia_22483-p4lxyxt3u9-swhr-420x315.jpg 420w, https:\/\/kongress.iob-ev.com\/wp-content\/uploads\/2020\/12\/https___ns.clubmed.com_dream_RESORTS_3T___4T_Europe___Cotes_Mediterraneennes_Da_Balaia_22483-p4lxyxt3u9-swhr-500x375.jpg 500w\" sizes=\"auto, (max-width: 420px) 100vw, 420px\" \/><h2 class=\"woocommerce-loop-product__title\">Hotel Club Med October 05-07<\/h2>\n\t<span class=\"price\"><span class=\"woocommerce-Price-amount amount\" aria-hidden=\"true\"><bdi><span class=\"woocommerce-Price-currencySymbol\">&euro;<\/span>350,00<\/bdi><\/span> <span aria-hidden=\"true\">-<\/span> <span class=\"woocommerce-Price-amount amount\" aria-hidden=\"true\"><bdi><span class=\"woocommerce-Price-currencySymbol\">&euro;<\/span>536,00<\/bdi><\/span><span class=\"screen-reader-text\">Rango de precios: desde &euro;350,00 hasta &euro;536,00<\/span><\/span>\n<\/a><div class=\"loop-button-wrapper\"><a href=\"https:\/\/kongress.iob-ev.com\/es\/shop\/hotel-club-med-october-05-07\/\" data-quantity=\"1\" class=\"button product_type_variable\" data-product_id=\"4288\" data-product_sku=\"170017-1\" aria-label=\"Elige las opciones para &ldquo;Hotel Club Med October 05-07&rdquo;\" rel=\"nofollow\">Seleccionar opciones<\/a><\/div>\t<span id=\"woocommerce_loop_add_to_cart_link_describedby_4288\" class=\"screen-reader-text\">\n\t\tEste producto tiene m\u00faltiples variantes. Las opciones se pueden elegir en la p\u00e1gina de producto\t<\/span>\n<\/li>\n<li class=\"product type-product post-4297 status-publish outofstock product_cat-tickets has-post-thumbnail taxable shipping-taxable purchasable product-type-variable\">\n\t<a href=\"https:\/\/kongress.iob-ev.com\/es\/shop\/hotel-club-med-october-05-08\/\" class=\"woocommerce-LoopProduct-link woocommerce-loop-product__link\"><div class=\"yith-placeholder\"><\/div><img loading=\"lazy\" decoding=\"async\" width=\"420\" height=\"315\" src=\"https:\/\/kongress.iob-ev.com\/wp-content\/uploads\/2020\/12\/https___ns.clubmed.com_dream_RESORTS_3T___4T_Europe___Cotes_Mediterraneennes_Da_Balaia_22483-p4lxyxt3u9-swhr-420x315.jpg\" class=\"attachment-woocommerce_thumbnail size-woocommerce_thumbnail\" alt=\"Hotel Club Med October 05-08\" srcset=\"https:\/\/kongress.iob-ev.com\/wp-content\/uploads\/2020\/12\/https___ns.clubmed.com_dream_RESORTS_3T___4T_Europe___Cotes_Mediterraneennes_Da_Balaia_22483-p4lxyxt3u9-swhr-420x315.jpg 420w, https:\/\/kongress.iob-ev.com\/wp-content\/uploads\/2020\/12\/https___ns.clubmed.com_dream_RESORTS_3T___4T_Europe___Cotes_Mediterraneennes_Da_Balaia_22483-p4lxyxt3u9-swhr-500x375.jpg 500w\" sizes=\"auto, (max-width: 420px) 100vw, 420px\" \/><h2 class=\"woocommerce-loop-product__title\">Hotel Club Med October 05-08<\/h2>\n\t<span class=\"price\"><span class=\"woocommerce-Price-amount amount\" aria-hidden=\"true\"><bdi><span class=\"woocommerce-Price-currencySymbol\">&euro;<\/span>526,00<\/bdi><\/span> <span aria-hidden=\"true\">-<\/span> <span class=\"woocommerce-Price-amount amount\" aria-hidden=\"true\"><bdi><span class=\"woocommerce-Price-currencySymbol\">&euro;<\/span>804,00<\/bdi><\/span><span class=\"screen-reader-text\">Rango de precios: desde &euro;526,00 hasta &euro;804,00<\/span><\/span>\n<\/a><div class=\"loop-button-wrapper\"><a href=\"https:\/\/kongress.iob-ev.com\/es\/shop\/hotel-club-med-october-05-08\/\" data-quantity=\"1\" class=\"button product_type_variable\" data-product_id=\"4297\" data-product_sku=\"170017-1-1\" aria-label=\"Elige las opciones para &ldquo;Hotel Club Med October 05-08&rdquo;\" rel=\"nofollow\">Seleccionar opciones<\/a><\/div>\t<span id=\"woocommerce_loop_add_to_cart_link_describedby_4297\" class=\"screen-reader-text\">\n\t\tEste producto tiene m\u00faltiples variantes. Las opciones se pueden elegir en la p\u00e1gina de producto\t<\/span>\n<\/li>\n<li class=\"product type-product post-4300 status-publish last outofstock product_cat-tickets has-post-thumbnail taxable shipping-taxable purchasable product-type-variable\">\n\t<a href=\"https:\/\/kongress.iob-ev.com\/es\/shop\/hotel-club-med-october-05-10\/\" class=\"woocommerce-LoopProduct-link woocommerce-loop-product__link\"><div class=\"yith-placeholder\"><\/div><img loading=\"lazy\" decoding=\"async\" width=\"420\" height=\"315\" src=\"https:\/\/kongress.iob-ev.com\/wp-content\/uploads\/2020\/12\/https___ns.clubmed.com_dream_RESORTS_3T___4T_Europe___Cotes_Mediterraneennes_Da_Balaia_22483-p4lxyxt3u9-swhr-420x315.jpg\" class=\"attachment-woocommerce_thumbnail size-woocommerce_thumbnail\" alt=\"Hotel Club Med October 05-10\" srcset=\"https:\/\/kongress.iob-ev.com\/wp-content\/uploads\/2020\/12\/https___ns.clubmed.com_dream_RESORTS_3T___4T_Europe___Cotes_Mediterraneennes_Da_Balaia_22483-p4lxyxt3u9-swhr-420x315.jpg 420w, https:\/\/kongress.iob-ev.com\/wp-content\/uploads\/2020\/12\/https___ns.clubmed.com_dream_RESORTS_3T___4T_Europe___Cotes_Mediterraneennes_Da_Balaia_22483-p4lxyxt3u9-swhr-500x375.jpg 500w\" sizes=\"auto, (max-width: 420px) 100vw, 420px\" \/><h2 class=\"woocommerce-loop-product__title\">Hotel Club Med October 05-10<\/h2>\n\t<span class=\"price\"><span class=\"woocommerce-Price-amount amount\"><bdi><span class=\"woocommerce-Price-currencySymbol\">&euro;<\/span>1.360,00<\/bdi><\/span><\/span>\n<\/a><div class=\"loop-button-wrapper\"><a href=\"https:\/\/kongress.iob-ev.com\/es\/shop\/hotel-club-med-october-05-10\/\" data-quantity=\"1\" class=\"button product_type_variable\" data-product_id=\"4300\" data-product_sku=\"170017-1-1-1\" aria-label=\"Elige las opciones para &ldquo;Hotel Club Med October 05-10&rdquo;\" rel=\"nofollow\">Seleccionar opciones<\/a><\/div>\t<span id=\"woocommerce_loop_add_to_cart_link_describedby_4300\" class=\"screen-reader-text\">\n\t\tEste producto tiene m\u00faltiples variantes. Las opciones se pueden elegir en la p\u00e1gina de producto\t<\/span>\n<\/li>\n<\/ul>\n<\/div><br \/>\n<div class=\"woocommerce columns-3 \"><ul class=\"products columns-3\">\n<li class=\"product type-product post-4495 status-publish first outofstock product_cat-rally has-post-thumbnail taxable shipping-taxable purchasable product-type-simple\">\n\t<a href=\"https:\/\/kongress.iob-ev.com\/es\/shop\/sternfahrt\/\" class=\"woocommerce-LoopProduct-link woocommerce-loop-product__link\"><div class=\"yith-placeholder\"><\/div><img loading=\"lazy\" decoding=\"async\" width=\"420\" height=\"315\" src=\"https:\/\/kongress.iob-ev.com\/wp-content\/uploads\/2021\/03\/background-IOB-ticket-rally-420x315.jpg\" class=\"attachment-woocommerce_thumbnail size-woocommerce_thumbnail\" alt=\"Rally\" srcset=\"https:\/\/kongress.iob-ev.com\/wp-content\/uploads\/2021\/03\/background-IOB-ticket-rally-420x315.jpg 420w, https:\/\/kongress.iob-ev.com\/wp-content\/uploads\/2021\/03\/background-IOB-ticket-rally-300x225.jpg 300w, https:\/\/kongress.iob-ev.com\/wp-content\/uploads\/2021\/03\/background-IOB-ticket-rally-230x172.jpg 230w, https:\/\/kongress.iob-ev.com\/wp-content\/uploads\/2021\/03\/background-IOB-ticket-rally-350x262.jpg 350w, https:\/\/kongress.iob-ev.com\/wp-content\/uploads\/2021\/03\/background-IOB-ticket-rally-480x360.jpg 480w, https:\/\/kongress.iob-ev.com\/wp-content\/uploads\/2021\/03\/background-IOB-ticket-rally-500x375.jpg 500w, https:\/\/kongress.iob-ev.com\/wp-content\/uploads\/2021\/03\/background-IOB-ticket-rally.jpg 582w\" sizes=\"auto, (max-width: 420px) 100vw, 420px\" \/><h2 class=\"woocommerce-loop-product__title\">Rally<\/h2>\n\t<span class=\"price\"><span class=\"woocommerce-Price-amount amount\"><bdi><span class=\"woocommerce-Price-currencySymbol\">&euro;<\/span>99,00<\/bdi><\/span><\/span>\n<\/a><div class=\"loop-button-wrapper\"><a href=\"https:\/\/kongress.iob-ev.com\/es\/shop\/sternfahrt\/\" data-quantity=\"1\" class=\"button product_type_simple\" data-product_id=\"4495\" data-product_sku=\"\" aria-label=\"Lee m\u00e1s sobre &ldquo;Rally&rdquo;\" rel=\"nofollow\" data-success_message=\"\"><span><i class=\"sydney-svg-icon\"><svg xmlns=\"http:\/\/www.w3.org\/2000\/svg\" viewBox=\"0 0 576 512\"><path d=\"M528.12 301.319l47.273-208C578.806 78.301 567.391 64 551.99 64H159.208l-9.166-44.81C147.758 8.021 137.93 0 126.529 0H24C10.745 0 0 10.745 0 24v16c0 13.255 10.745 24 24 24h69.883l70.248 343.435C147.325 417.1 136 435.222 136 456c0 30.928 25.072 56 56 56s56-25.072 56-56c0-15.674-6.447-29.835-16.824-40h209.647C430.447 426.165 424 440.326 424 456c0 30.928 25.072 56 56 56s56-25.072 56-56c0-22.172-12.888-41.332-31.579-50.405l5.517-24.276c3.413-15.018-8.002-29.319-23.403-29.319H218.117l-6.545-32h293.145c11.206 0 20.92-7.754 23.403-18.681z\" \/><\/svg><\/i><\/span> Leer m\u00e1s<\/a><\/div>\t<span id=\"woocommerce_loop_add_to_cart_link_describedby_4495\" class=\"screen-reader-text\">\n\t\t\t<\/span>\n<\/li>\n<li class=\"product type-product post-3891 status-publish instock product_cat-tickets has-post-thumbnail taxable shipping-taxable purchasable product-type-variable\">\n\t<a href=\"https:\/\/kongress.iob-ev.com\/es\/shop\/ticket\/\" class=\"woocommerce-LoopProduct-link woocommerce-loop-product__link\"><div class=\"yith-placeholder\"><\/div><img loading=\"lazy\" decoding=\"async\" width=\"420\" height=\"315\" src=\"https:\/\/kongress.iob-ev.com\/wp-content\/uploads\/2020\/10\/Ticket-new1-e1612962204435-420x315.jpg\" class=\"attachment-woocommerce_thumbnail size-woocommerce_thumbnail\" alt=\"Ticket 11th Conference\" srcset=\"https:\/\/kongress.iob-ev.com\/wp-content\/uploads\/2020\/10\/Ticket-new1-e1612962204435-420x315.jpg 420w, https:\/\/kongress.iob-ev.com\/wp-content\/uploads\/2020\/10\/Ticket-new1-e1612962204435-500x375.jpg 500w\" sizes=\"auto, (max-width: 420px) 100vw, 420px\" \/><h2 class=\"woocommerce-loop-product__title\">Ticket 11th Conference<\/h2>\n\t<span class=\"price\"><span class=\"woocommerce-Price-amount amount\" aria-hidden=\"true\"><bdi><span class=\"woocommerce-Price-currencySymbol\">&euro;<\/span>210,00<\/bdi><\/span> <span aria-hidden=\"true\">-<\/span> <span class=\"woocommerce-Price-amount amount\" aria-hidden=\"true\"><bdi><span class=\"woocommerce-Price-currencySymbol\">&euro;<\/span>260,00<\/bdi><\/span><span class=\"screen-reader-text\">Rango de precios: desde &euro;210,00 hasta &euro;260,00<\/span><\/span>\n<\/a><div class=\"loop-button-wrapper\"><a href=\"https:\/\/kongress.iob-ev.com\/es\/shop\/ticket\/\" data-quantity=\"1\" class=\"button product_type_variable add_to_cart_button\" data-product_id=\"3891\" data-product_sku=\"\" aria-label=\"Elige las opciones para &ldquo;Ticket 11th Conference&rdquo;\" rel=\"nofollow\">Seleccionar opciones<\/a><\/div>\t<span id=\"woocommerce_loop_add_to_cart_link_describedby_3891\" class=\"screen-reader-text\">\n\t\tEste producto tiene m\u00faltiples variantes. Las opciones se pueden elegir en la p\u00e1gina de producto\t<\/span>\n<\/li>\n<\/ul>\n<\/div><br \/>\n<b>Por el caso que sea imposible celebrar el congreso ( por ejemplo por COVID) en la fecha planificada se desplaza el congreso por un a\u00f1o y se celebrar\u00e1 en el mismo lugar por el mismo coste en el a\u00f1o 2022. Pagos realizados no se devuelvan pero ser\u00e1n valorados como pagos por el congreso desplazado.<br \/>\n<\/b><\/p>\n<\/div>\n<\/div><\/div><\/div><\/div><\/div><\/div><\/div>","protected":false},"excerpt":{"rendered":"<p>Please note that participation in the conference is only possible in connection with a hotel booking. The hotel contingent is currently exhausted. [&hellip;]<\/p>\n","protected":false},"author":1,"featured_media":0,"parent":0,"menu_order":0,"comment_status":"closed","ping_status":"closed","template":"","meta":{"footnotes":""},"class_list":["post-4404","page","type-page","status-publish","hentry"],"_links":{"self":[{"href":"https:\/\/kongress.iob-ev.com\/es\/wp-json\/wp\/v2\/pages\/4404","targetHints":{"allow":["GET"]}}],"collection":[{"href":"https:\/\/kongress.iob-ev.com\/es\/wp-json\/wp\/v2\/pages"}],"about":[{"href":"https:\/\/kongress.iob-ev.com\/es\/wp-json\/wp\/v2\/types\/page"}],"author":[{"embeddable":true,"href":"https:\/\/kongress.iob-ev.com\/es\/wp-json\/wp\/v2\/users\/1"}],"replies":[{"embeddable":true,"href":"https:\/\/kongress.iob-ev.com\/es\/wp-json\/wp\/v2\/comments?post=4404"}],"version-history":[{"count":19,"href":"https:\/\/kongress.iob-ev.com\/es\/wp-json\/wp\/v2\/pages\/4404\/revisions"}],"predecessor-version":[{"id":5035,"href":"https:\/\/kongress.iob-ev.com\/es\/wp-json\/wp\/v2\/pages\/4404\/revisions\/5035"}],"wp:attachment":[{"href":"https:\/\/kongress.iob-ev.com\/es\/wp-json\/wp\/v2\/media?parent=4404"}],"curies":[{"name":"wp","href":"https:\/\/api.w.org\/{rel}","templated":true}]}}