{"id":2033,"date":"2019-04-16T00:37:24","date_gmt":"2019-04-15T22:37:24","guid":{"rendered":"https:\/\/kongress.iob-ev.com\/?post_type=product&#038;p=2033"},"modified":"2021-08-12T11:10:37","modified_gmt":"2021-08-12T09:10:37","slug":"sponsor-upgradegaladinner","status":"publish","type":"product","link":"https:\/\/kongress.iob-ev.com\/es\/shop\/sponsor-upgradegaladinner\/","title":{"rendered":"Sponsor Upgrade<br>Galadinner"},"content":{"rendered":"<p class=\"qtranxs-available-languages-message qtranxs-available-languages-message-es\">Disculpa, pero esta entrada est\u00e1 disponible s\u00f3lo en <a href=\"https:\/\/kongress.iob-ev.com\/de\/wp-json\/wp\/v2\/product\/2033\" class=\"qtranxs-available-language-link qtranxs-available-language-link-de\" title=\"Deutsch\">Deutsch<\/a> y <a href=\"https:\/\/kongress.iob-ev.com\/en\/wp-json\/wp\/v2\/product\/2033\" class=\"qtranxs-available-language-link qtranxs-available-language-link-en\" title=\"English\">English<\/a>. For the sake of viewer convenience, the content is shown below in this site default language. You may click one of the links to switch the site language to another available language.<\/p><p><\/p>\n<table border=\"1\" width=\"604\" cellspacing=\"0\" cellpadding=\"0\">\n<colgroup>\n<col width=\"444\" \/>\n<col width=\"158\" \/> <\/colgroup>\n<thead>\n<tr valign=\"TOP\">\n<td bgcolor=\"#4f81bd\" width=\"444\" height=\"29\">\n<p align=\"LEFT\"><span style=\"color: #ffffff;\"><span style=\"font-family: Cambria, serif;\"><span style=\"font-size: large;\"><b>Upgrades<\/b><\/span><\/span><\/span><\/p>\n<\/td>\n<td bgcolor=\"#4f81bd\" width=\"158\">\n<p align=\"LEFT\"><span style=\"color: #ffffff;\"><span style=\"font-family: Cambria, serif;\"><span style=\"font-size: large;\"><b>Sponsoring-Betrag<\/b><\/span><\/span><\/span><\/p>\n<\/td>\n<\/tr>\n<\/thead>\n<tbody>\n<tr valign=\"TOP\">\n<td bgcolor=\"#ced7e7\" width=\"444\" height=\"30\">\n<p align=\"LEFT\"><span style=\"color: #000000;\"><span style=\"font-family: Cambria, serif;\"><span style=\"font-size: small;\">Standfl\u00e4che (Sponsor, Premium oder zus\u00e4tzliche Fl\u00e4che f\u00fcr Gold ) 2x3m<\/span><\/span><\/span><\/p>\n<\/td>\n<td bgcolor=\"#ced7e7\" width=\"158\">\n<p align=\"CENTER\"><span style=\"color: #000000;\"><span style=\"font-family: Cambria, serif;\"><span style=\"font-size: small;\">750<\/span><\/span><\/span><\/p>\n<\/td>\n<\/tr>\n<tr valign=\"TOP\">\n<td bgcolor=\"#e8ecf3\" width=\"444\" height=\"30\">\n<p align=\"LEFT\"><span style=\"color: #000000;\"><span style=\"font-family: Cambria, serif;\"><span style=\"font-size: small;\">1\/2 Kaffee-Pause<\/span><\/span><\/span><\/p>\n<\/td>\n<td bgcolor=\"#e8ecf3\" width=\"158\">\n<p align=\"CENTER\"><span style=\"color: #000000;\"><span style=\"font-family: Cambria, serif;\"><span style=\"font-size: small;\">100<\/span><\/span><\/span><\/p>\n<\/td>\n<\/tr>\n<tr valign=\"TOP\">\n<td bgcolor=\"#ced7e7\" width=\"444\" height=\"30\">\n<p align=\"LEFT\"><span style=\"color: #000000;\"><span style=\"font-family: Cambria, serif;\"><span style=\"font-size: small;\">1\/2 Mittagessen<\/span><\/span><\/span><\/p>\n<\/td>\n<td bgcolor=\"#ced7e7\" width=\"158\">\n<p align=\"CENTER\"><span style=\"color: #000000;\"><span style=\"font-family: Cambria, serif;\"><span style=\"font-size: small;\">200<\/span><\/span><\/span><\/p>\n<\/td>\n<\/tr>\n<tr valign=\"TOP\">\n<td bgcolor=\"#e8ecf3\" width=\"444\" height=\"30\">\n<p align=\"LEFT\"><span style=\"color: #000000;\"><span style=\"font-family: Cambria, serif;\"><span style=\"font-size: small;\">1\/2 Galadinner<\/span><\/span><\/span><\/p>\n<\/td>\n<td bgcolor=\"#e8ecf3\" width=\"158\">\n<p align=\"CENTER\"><span style=\"color: #000000;\"><span style=\"font-family: Cambria, serif;\"><span style=\"font-size: small;\">1000<\/span><\/span><\/span><\/p>\n<\/td>\n<\/tr>\n<\/tbody>\n<\/table>\n<p><\/p>","protected":false},"excerpt":{"rendered":"<p>sponsored by OASE<\/p>\n","protected":false},"featured_media":4441,"template":"","meta":[],"product_brand":[],"product_cat":[54],"product_tag":[],"class_list":{"0":"post-2033","1":"product","2":"type-product","3":"status-publish","4":"has-post-thumbnail","6":"product_cat-sponsor","8":"first","9":"outofstock","10":"sold-individually","11":"purchasable","12":"product-type-simple"},"_links":{"self":[{"href":"https:\/\/kongress.iob-ev.com\/es\/wp-json\/wp\/v2\/product\/2033","targetHints":{"allow":["GET"]}}],"collection":[{"href":"https:\/\/kongress.iob-ev.com\/es\/wp-json\/wp\/v2\/product"}],"about":[{"href":"https:\/\/kongress.iob-ev.com\/es\/wp-json\/wp\/v2\/types\/product"}],"wp:featuredmedia":[{"embeddable":true,"href":"https:\/\/kongress.iob-ev.com\/es\/wp-json\/wp\/v2\/media\/4441"}],"wp:attachment":[{"href":"https:\/\/kongress.iob-ev.com\/es\/wp-json\/wp\/v2\/media?parent=2033"}],"wp:term":[{"taxonomy":"product_brand","embeddable":true,"href":"https:\/\/kongress.iob-ev.com\/es\/wp-json\/wp\/v2\/product_brand?post=2033"},{"taxonomy":"product_cat","embeddable":true,"href":"https:\/\/kongress.iob-ev.com\/es\/wp-json\/wp\/v2\/product_cat?post=2033"},{"taxonomy":"product_tag","embeddable":true,"href":"https:\/\/kongress.iob-ev.com\/es\/wp-json\/wp\/v2\/product_tag?post=2033"}],"curies":[{"name":"wp","href":"https:\/\/api.w.org\/{rel}","templated":true}]}}