{"id":3891,"date":"2020-10-06T16:58:57","date_gmt":"2020-10-06T14:58:57","guid":{"rendered":"https:\/\/kongress.iob-ev.com\/?post_type=product&#038;p=3891"},"modified":"2022-04-13T10:42:14","modified_gmt":"2022-04-13T08:42:14","slug":"ticket","status":"publish","type":"product","link":"https:\/\/kongress.iob-ev.com\/es\/shop\/ticket\/","title":{"rendered":"Ticket 11th Conference"},"content":{"rendered":"<p>La entrada al XI Congreso de la IOB incluye:<br \/>\nAdmisi\u00f3n a la conferencia<br \/>\nIVA<br \/>\n<b>Por el caso que sea imposible celebrar el congreso ( por ejemplo por COVID) en la fecha planificada se desplaza el congreso por un a\u00f1o y se celebrar\u00e1 en el mismo lugar por el mismo coste en el a\u00f1o 2022. Pagos realizados no se devuelvan pero ser\u00e1n valorados como pagos por el congreso desplazado.<br \/>\n<\/b><\/p>","protected":false},"excerpt":{"rendered":"<h6>The hotel contingent is currently exhausted. We are trying to get more capacity.<br \/>\nPlease send inquiries to <a href=\"mailto:sale@iob-ev.com\">sale@iob-ev.com<\/a><\/h6>\n","protected":false},"featured_media":4396,"template":"","meta":[],"product_brand":[],"product_cat":[49],"product_tag":[],"class_list":{"0":"post-3891","1":"product","2":"type-product","3":"status-publish","4":"has-post-thumbnail","6":"product_cat-tickets","8":"first","9":"instock","10":"taxable","11":"shipping-taxable","12":"purchasable","13":"product-type-variable"},"_links":{"self":[{"href":"https:\/\/kongress.iob-ev.com\/es\/wp-json\/wp\/v2\/product\/3891","targetHints":{"allow":["GET"]}}],"collection":[{"href":"https:\/\/kongress.iob-ev.com\/es\/wp-json\/wp\/v2\/product"}],"about":[{"href":"https:\/\/kongress.iob-ev.com\/es\/wp-json\/wp\/v2\/types\/product"}],"wp:featuredmedia":[{"embeddable":true,"href":"https:\/\/kongress.iob-ev.com\/es\/wp-json\/wp\/v2\/media\/4396"}],"wp:attachment":[{"href":"https:\/\/kongress.iob-ev.com\/es\/wp-json\/wp\/v2\/media?parent=3891"}],"wp:term":[{"taxonomy":"product_brand","embeddable":true,"href":"https:\/\/kongress.iob-ev.com\/es\/wp-json\/wp\/v2\/product_brand?post=3891"},{"taxonomy":"product_cat","embeddable":true,"href":"https:\/\/kongress.iob-ev.com\/es\/wp-json\/wp\/v2\/product_cat?post=3891"},{"taxonomy":"product_tag","embeddable":true,"href":"https:\/\/kongress.iob-ev.com\/es\/wp-json\/wp\/v2\/product_tag?post=3891"}],"curies":[{"name":"wp","href":"https:\/\/api.w.org\/{rel}","templated":true}]}}