{"id":4297,"date":"2020-12-14T16:58:00","date_gmt":"2020-12-14T15:58:00","guid":{"rendered":"https:\/\/kongress.iob-ev.com\/?post_type=product&#038;p=4297"},"modified":"2021-09-03T19:55:13","modified_gmt":"2021-09-03T17:55:13","slug":"hotel-club-med-october-05-08","status":"publish","type":"product","link":"https:\/\/kongress.iob-ev.com\/es\/shop\/hotel-club-med-october-05-08\/","title":{"rendered":"Hotel Club Med October 05-08"},"content":{"rendered":"<p><b>Por el caso que sea imposible celebrar el congreso ( por ejemplo por COVID) en la fecha planificada se desplaza el congreso por un a\u00f1o y se celebrar\u00e1 en el mismo lugar por el mismo coste en el a\u00f1o 2022. Pagos realizados no se devuelvan pero ser\u00e1n valorados como pagos por el congreso desplazado.<\/b><\/p>\n<ul>\n<li>R\u00c9GIMEN TODO INCLUIDO<\/li>\n<li>Pensi\u00f3n completa con bebidas y comidas.<\/li>\n<li>Snack y bar todo el d\u00eda<\/li>\n<li>Actividades deportivas<\/li>\n<li>Animaci\u00f3n y espect\u00e1culos.R\u00c9GIMEN TODO INCLUIDO<\/li>\n<li>Pensi\u00f3n completa con bebidas y comidas.<\/li>\n<li>Snack y bar todo el d\u00eda<\/li>\n<li>Actividades deportivas<\/li>\n<li>Animaci\u00f3n y espect\u00e1culos.<\/li>\n<\/ul>\n<p>If two participants share a double room and book trade fair tickets from different customers, please leave the optional comment in the final order step \u00abCheckout\u00bb as to which participant will take your double room with them.<br \/>\nInvoices for tickets and hotel are sent to the <b> customer <\/b> of the service and, for technical reasons, cannot be split up by us.<\/p>","protected":false},"excerpt":{"rendered":"<h6>The hotel contingent is currently exhausted. We are trying to get more capacity.<br \/>\nPlease send inquiries to<a href=\"mailto:sale@iob-ev.com\"> sale@iob-ev.com<\/a><\/h6>\n<p>&nbsp;<\/p>\n","protected":false},"featured_media":4062,"template":"","meta":[],"product_brand":[],"product_cat":[49],"product_tag":[],"class_list":{"0":"post-4297","1":"product","2":"type-product","3":"status-publish","4":"has-post-thumbnail","6":"product_cat-tickets","8":"first","9":"outofstock","10":"taxable","11":"shipping-taxable","12":"purchasable","13":"product-type-variable"},"_links":{"self":[{"href":"https:\/\/kongress.iob-ev.com\/es\/wp-json\/wp\/v2\/product\/4297","targetHints":{"allow":["GET"]}}],"collection":[{"href":"https:\/\/kongress.iob-ev.com\/es\/wp-json\/wp\/v2\/product"}],"about":[{"href":"https:\/\/kongress.iob-ev.com\/es\/wp-json\/wp\/v2\/types\/product"}],"wp:featuredmedia":[{"embeddable":true,"href":"https:\/\/kongress.iob-ev.com\/es\/wp-json\/wp\/v2\/media\/4062"}],"wp:attachment":[{"href":"https:\/\/kongress.iob-ev.com\/es\/wp-json\/wp\/v2\/media?parent=4297"}],"wp:term":[{"taxonomy":"product_brand","embeddable":true,"href":"https:\/\/kongress.iob-ev.com\/es\/wp-json\/wp\/v2\/product_brand?post=4297"},{"taxonomy":"product_cat","embeddable":true,"href":"https:\/\/kongress.iob-ev.com\/es\/wp-json\/wp\/v2\/product_cat?post=4297"},{"taxonomy":"product_tag","embeddable":true,"href":"https:\/\/kongress.iob-ev.com\/es\/wp-json\/wp\/v2\/product_tag?post=4297"}],"curies":[{"name":"wp","href":"https:\/\/api.w.org\/{rel}","templated":true}]}}