{"id":5068,"date":"2021-09-22T10:33:14","date_gmt":"2021-09-22T08:33:14","guid":{"rendered":"https:\/\/kongress.iob-ev.com\/?post_type=product&#038;p=5068"},"modified":"2021-10-20T10:29:37","modified_gmt":"2021-10-20T08:29:37","slug":"hotel-club-med-october-05-10-last-minute-doppelzimmer","status":"publish","type":"product","link":"https:\/\/kongress.iob-ev.com\/es\/shop\/hotel-club-med-october-05-10-last-minute-doppelzimmer\/","title":{"rendered":"Hotel Club Med October 05-10 Last Minute 2 persona"},"content":{"rendered":"<p><\/p>\n<ul>\n<li>R\u00c9GIMEN TODO INCLUIDO<\/li>\n<li>Pensi\u00f3n completa con bebidas y comidas.<\/li>\n<li>Snack y bar todo el d\u00eda<\/li>\n<li>Actividades deportivas<\/li>\n<li>Animaci\u00f3n y espect\u00e1culos.R\u00c9GIMEN TODO INCLUIDO<\/li>\n<li>Pensi\u00f3n completa con bebidas y comidas.<\/li>\n<li>Snack y bar todo el d\u00eda<\/li>\n<li>Actividades deportivas<\/li>\n<li>Animaci\u00f3n y espect\u00e1culos.<\/li>\n<\/ul>\n<p>If two participants share a double room and book trade fair tickets from different customers, please leave the optional comment in the final order step \u00abCheckout\u00bb as to which participant will take your double room with them.<br \/>\nInvoices for tickets and hotel are sent to the <b> customer <\/b> of the service and, for technical reasons, cannot be split up by us.<\/p>","protected":false},"excerpt":{"rendered":"<h6>Club Med All Inclusive for 5 nights, double room, occ. 2 persons <\/h6>\n","protected":false},"featured_media":4062,"template":"","meta":[],"product_brand":[],"product_cat":[49],"product_tag":[],"class_list":{"0":"post-5068","1":"product","2":"type-product","3":"status-publish","4":"has-post-thumbnail","6":"product_cat-tickets","8":"first","9":"outofstock","10":"taxable","11":"shipping-taxable","12":"purchasable","13":"product-type-simple"},"_links":{"self":[{"href":"https:\/\/kongress.iob-ev.com\/es\/wp-json\/wp\/v2\/product\/5068","targetHints":{"allow":["GET"]}}],"collection":[{"href":"https:\/\/kongress.iob-ev.com\/es\/wp-json\/wp\/v2\/product"}],"about":[{"href":"https:\/\/kongress.iob-ev.com\/es\/wp-json\/wp\/v2\/types\/product"}],"wp:featuredmedia":[{"embeddable":true,"href":"https:\/\/kongress.iob-ev.com\/es\/wp-json\/wp\/v2\/media\/4062"}],"wp:attachment":[{"href":"https:\/\/kongress.iob-ev.com\/es\/wp-json\/wp\/v2\/media?parent=5068"}],"wp:term":[{"taxonomy":"product_brand","embeddable":true,"href":"https:\/\/kongress.iob-ev.com\/es\/wp-json\/wp\/v2\/product_brand?post=5068"},{"taxonomy":"product_cat","embeddable":true,"href":"https:\/\/kongress.iob-ev.com\/es\/wp-json\/wp\/v2\/product_cat?post=5068"},{"taxonomy":"product_tag","embeddable":true,"href":"https:\/\/kongress.iob-ev.com\/es\/wp-json\/wp\/v2\/product_tag?post=5068"}],"curies":[{"name":"wp","href":"https:\/\/api.w.org\/{rel}","templated":true}]}}